{"id":71,"date":"2024-03-03T12:31:18","date_gmt":"2024-03-03T11:31:18","guid":{"rendered":"https:\/\/www.ihesazilegibalitz.eus\/ihesa-zilegi-balitz\/"},"modified":"2025-12-17T11:03:14","modified_gmt":"2025-12-17T10:03:14","slug":"ihesa-zilegi-balitz","status":"publish","type":"page","link":"https:\/\/www.ihesazilegibalitz.eus\/es\/","title":{"rendered":"Huir es un Derecho"},"content":{"rendered":"<p>[et_pb_section fb_built=\u00bb1&#8243; _builder_version=\u00bb4.27.5&#8243; _module_preset=\u00bbdefault\u00bb background_image=\u00bbhttps:\/\/www.ihesazilegibalitz.eus\/wp-content\/uploads\/2024\/03\/Gari-copia.jpg\u00bb module_alignment=\u00bbcenter\u00bb min_height=\u00bb834px\u00bb min_height_tablet=\u00bb834px\u00bb min_height_phone=\u00bb690px\u00bb min_height_last_edited=\u00bbon|phone\u00bb global_colors_info=\u00bb{}\u00bb][et_pb_row column_structure=\u00bb1_2,1_2&#8243; _builder_version=\u00bb4.27.5&#8243; _module_preset=\u00bbdefault\u00bb width=\u00bb90%\u00bb max_width=\u00bb90%\u00bb global_colors_info=\u00bb{}\u00bb][et_pb_column type=\u00bb1_2&#8243; _builder_version=\u00bb4.27.5&#8243; _module_preset=\u00bbdefault\u00bb global_colors_info=\u00bb{}\u00bb][et_pb_image src=\u00bbhttps:\/\/www.ihesazilegibalitz.eus\/wp-content\/uploads\/2025\/12\/IruneaCAS.png\u00bb title_text=\u00bbIru\u00f1eaCAS\u00bb _builder_version=\u00bb4.27.5&#8243; _module_preset=\u00bbdefault\u00bb global_colors_info=\u00bb{}\u00bb sticky_enabled=\u00bb0&#8243;][\/et_pb_image][et_pb_text _builder_version=\u00bb4.27.5&#8243; _module_preset=\u00bbdefault\u00bb text_font=\u00bb|300|||||||\u00bb text_text_color=\u00bb#FFFFFF\u00bb text_font_size=\u00bb80px\u00bb text_line_height=\u00bb1em\u00bb custom_margin_tablet=\u00bb\u00bb custom_margin_phone=\u00bb-26px||||false|false\u00bb custom_margin_last_edited=\u00bbon|phone\u00bb hover_enabled=\u00bb0&#8243; text_font_size_tablet=\u00bb80px\u00bb text_font_size_phone=\u00bb30px\u00bb text_font_size_last_edited=\u00bbon|phone\u00bb global_colors_info=\u00bb{}\u00bb custom_margin=\u00bb-35px||||false|false\u00bb sticky_enabled=\u00bb0&#8243; locked=\u00bboff\u00bb]<\/p>\n<p>HUIR ES<br \/>UN DERECHO<\/p>\n<p>[\/et_pb_text][\/et_pb_column][et_pb_column type=\u00bb1_2&#8243; _builder_version=\u00bb4.27.5&#8243; _module_preset=\u00bbdefault\u00bb global_colors_info=\u00bb{}\u00bb][\/et_pb_column][\/et_pb_row][\/et_pb_section]<\/p>\n","protected":false},"excerpt":{"rendered":"<p>Se trata de una exposici\u00f3n callejera realizada por los fot\u00f3grafos Gari Garaialde y Javi Julio, compuesta por 46 fotograf\u00edas de gran formato.<\/p>\n","protected":false},"author":1,"featured_media":146,"parent":0,"menu_order":0,"comment_status":"closed","ping_status":"closed","template":"","meta":{"_et_pb_use_builder":"on","_et_pb_old_content":"","_et_gb_content_width":"","footnotes":""},"class_list":["post-71","page","type-page","status-publish","has-post-thumbnail","hentry"],"yoast_head":"<!-- This site is optimized with the Yoast SEO plugin v26.6 - https:\/\/yoast.com\/wordpress\/plugins\/seo\/ -->\n<title>Huir es un Derecho - ihesazilegibalitz.eus<\/title>\n<meta name=\"description\" content=\"Se trata de una exposici\u00f3n callejera realizada por los fot\u00f3grafos Gari Garaialde y Javi Julio, compuesta por 46 fotograf\u00edas de gran formato.\" \/>\n<meta name=\"robots\" content=\"index, follow, max-snippet:-1, max-image-preview:large, max-video-preview:-1\" \/>\n<link rel=\"canonical\" href=\"https:\/\/www.ihesazilegibalitz.eus\/es\/\" \/>\n<meta property=\"og:locale\" content=\"es_ES\" \/>\n<meta property=\"og:type\" content=\"article\" \/>\n<meta property=\"og:title\" content=\"Huir es un Derecho\" \/>\n<meta property=\"og:description\" content=\"Se trata de una exposici\u00f3n callejera realizada por los fot\u00f3grafos Gari Garaialde y Javi Julio, compuesta por 46 fotograf\u00edas de gran formato.\" \/>\n<meta property=\"og:url\" content=\"https:\/\/www.ihesazilegibalitz.eus\/es\/\" \/>\n<meta property=\"og:site_name\" content=\"ihesazilegibalitz.eus\" \/>\n<meta property=\"article:modified_time\" content=\"2025-12-17T10:03:14+00:00\" \/>\n<meta property=\"og:image\" content=\"https:\/\/www.ihesazilegibalitz.eus\/wp-content\/uploads\/2024\/03\/Poster-1-1024x721.jpg\" \/>\n<meta name=\"twitter:card\" content=\"summary_large_image\" \/>\n<meta name=\"twitter:title\" content=\"Huir es un Derecho\" \/>\n<meta name=\"twitter:description\" content=\"Se trata de una exposici\u00f3n callejera realizada por los fot\u00f3grafos Gari Garaialde y Javi Julio, compuesta por 46 fotograf\u00edas de gran formato.\" \/>\n<meta name=\"twitter:image\" content=\"https:\/\/www.ihesazilegibalitz.eus\/wp-content\/uploads\/2024\/03\/Poster-1-1024x721.jpg\" \/>\n<meta name=\"twitter:label1\" content=\"Tiempo de lectura\" \/>\n\t<meta name=\"twitter:data1\" content=\"1 minuto\" \/>\n<script type=\"application\/ld+json\" class=\"yoast-schema-graph\">{\"@context\":\"https:\/\/schema.org\",\"@graph\":[{\"@type\":\"WebPage\",\"@id\":\"https:\/\/www.ihesazilegibalitz.eus\/es\/\",\"url\":\"https:\/\/www.ihesazilegibalitz.eus\/es\/\",\"name\":\"Huir es un Derecho - ihesazilegibalitz.eus\",\"isPartOf\":{\"@id\":\"https:\/\/www.ihesazilegibalitz.eus\/es\/#website\"},\"primaryImageOfPage\":{\"@id\":\"https:\/\/www.ihesazilegibalitz.eus\/es\/#primaryimage\"},\"image\":{\"@id\":\"https:\/\/www.ihesazilegibalitz.eus\/es\/#primaryimage\"},\"thumbnailUrl\":\"https:\/\/www.ihesazilegibalitz.eus\/wp-content\/uploads\/2024\/03\/Poster-2-scaled-1.jpg\",\"datePublished\":\"2024-03-03T11:31:18+00:00\",\"dateModified\":\"2025-12-17T10:03:14+00:00\",\"description\":\"Se trata de una exposici\u00f3n callejera realizada por los fot\u00f3grafos Gari Garaialde y Javi Julio, compuesta por 46 fotograf\u00edas de gran formato.\",\"breadcrumb\":{\"@id\":\"https:\/\/www.ihesazilegibalitz.eus\/es\/#breadcrumb\"},\"inLanguage\":\"es\",\"potentialAction\":[{\"@type\":\"ReadAction\",\"target\":[\"https:\/\/www.ihesazilegibalitz.eus\/es\/\"]}]},{\"@type\":\"ImageObject\",\"inLanguage\":\"es\",\"@id\":\"https:\/\/www.ihesazilegibalitz.eus\/es\/#primaryimage\",\"url\":\"https:\/\/www.ihesazilegibalitz.eus\/wp-content\/uploads\/2024\/03\/Poster-2-scaled-1.jpg\",\"contentUrl\":\"https:\/\/www.ihesazilegibalitz.eus\/wp-content\/uploads\/2024\/03\/Poster-2-scaled-1.jpg\",\"width\":2048,\"height\":1448},{\"@type\":\"BreadcrumbList\",\"@id\":\"https:\/\/www.ihesazilegibalitz.eus\/es\/#breadcrumb\",\"itemListElement\":[{\"@type\":\"ListItem\",\"position\":1,\"name\":\"Home\",\"item\":\"https:\/\/www.ihesazilegibalitz.eus\/es\/\"},{\"@type\":\"ListItem\",\"position\":2,\"name\":\"Huir es un Derecho\"}]},{\"@type\":\"WebSite\",\"@id\":\"https:\/\/www.ihesazilegibalitz.eus\/es\/#website\",\"url\":\"https:\/\/www.ihesazilegibalitz.eus\/es\/\",\"name\":\"ihesazilegibalitz.eus\",\"description\":\"Ihesa Zilegi Balitz\",\"potentialAction\":[{\"@type\":\"SearchAction\",\"target\":{\"@type\":\"EntryPoint\",\"urlTemplate\":\"https:\/\/www.ihesazilegibalitz.eus\/es\/?s={search_term_string}\"},\"query-input\":{\"@type\":\"PropertyValueSpecification\",\"valueRequired\":true,\"valueName\":\"search_term_string\"}}],\"inLanguage\":\"es\"}]}<\/script>\n<!-- \/ Yoast SEO plugin. -->","yoast_head_json":{"title":"Huir es un Derecho - ihesazilegibalitz.eus","description":"Se trata de una exposici\u00f3n callejera realizada por los fot\u00f3grafos Gari Garaialde y Javi Julio, compuesta por 46 fotograf\u00edas de gran formato.","robots":{"index":"index","follow":"follow","max-snippet":"max-snippet:-1","max-image-preview":"max-image-preview:large","max-video-preview":"max-video-preview:-1"},"canonical":"https:\/\/www.ihesazilegibalitz.eus\/es\/","og_locale":"es_ES","og_type":"article","og_title":"Huir es un Derecho","og_description":"Se trata de una exposici\u00f3n callejera realizada por los fot\u00f3grafos Gari Garaialde y Javi Julio, compuesta por 46 fotograf\u00edas de gran formato.","og_url":"https:\/\/www.ihesazilegibalitz.eus\/es\/","og_site_name":"ihesazilegibalitz.eus","article_modified_time":"2025-12-17T10:03:14+00:00","og_image":[{"url":"https:\/\/www.ihesazilegibalitz.eus\/wp-content\/uploads\/2024\/03\/Poster-1-1024x721.jpg","type":"","width":"","height":""}],"twitter_card":"summary_large_image","twitter_title":"Huir es un Derecho","twitter_description":"Se trata de una exposici\u00f3n callejera realizada por los fot\u00f3grafos Gari Garaialde y Javi Julio, compuesta por 46 fotograf\u00edas de gran formato.","twitter_image":"https:\/\/www.ihesazilegibalitz.eus\/wp-content\/uploads\/2024\/03\/Poster-1-1024x721.jpg","twitter_misc":{"Tiempo de lectura":"1 minuto"},"schema":{"@context":"https:\/\/schema.org","@graph":[{"@type":"WebPage","@id":"https:\/\/www.ihesazilegibalitz.eus\/es\/","url":"https:\/\/www.ihesazilegibalitz.eus\/es\/","name":"Huir es un Derecho - ihesazilegibalitz.eus","isPartOf":{"@id":"https:\/\/www.ihesazilegibalitz.eus\/es\/#website"},"primaryImageOfPage":{"@id":"https:\/\/www.ihesazilegibalitz.eus\/es\/#primaryimage"},"image":{"@id":"https:\/\/www.ihesazilegibalitz.eus\/es\/#primaryimage"},"thumbnailUrl":"https:\/\/www.ihesazilegibalitz.eus\/wp-content\/uploads\/2024\/03\/Poster-2-scaled-1.jpg","datePublished":"2024-03-03T11:31:18+00:00","dateModified":"2025-12-17T10:03:14+00:00","description":"Se trata de una exposici\u00f3n callejera realizada por los fot\u00f3grafos Gari Garaialde y Javi Julio, compuesta por 46 fotograf\u00edas de gran formato.","breadcrumb":{"@id":"https:\/\/www.ihesazilegibalitz.eus\/es\/#breadcrumb"},"inLanguage":"es","potentialAction":[{"@type":"ReadAction","target":["https:\/\/www.ihesazilegibalitz.eus\/es\/"]}]},{"@type":"ImageObject","inLanguage":"es","@id":"https:\/\/www.ihesazilegibalitz.eus\/es\/#primaryimage","url":"https:\/\/www.ihesazilegibalitz.eus\/wp-content\/uploads\/2024\/03\/Poster-2-scaled-1.jpg","contentUrl":"https:\/\/www.ihesazilegibalitz.eus\/wp-content\/uploads\/2024\/03\/Poster-2-scaled-1.jpg","width":2048,"height":1448},{"@type":"BreadcrumbList","@id":"https:\/\/www.ihesazilegibalitz.eus\/es\/#breadcrumb","itemListElement":[{"@type":"ListItem","position":1,"name":"Home","item":"https:\/\/www.ihesazilegibalitz.eus\/es\/"},{"@type":"ListItem","position":2,"name":"Huir es un Derecho"}]},{"@type":"WebSite","@id":"https:\/\/www.ihesazilegibalitz.eus\/es\/#website","url":"https:\/\/www.ihesazilegibalitz.eus\/es\/","name":"ihesazilegibalitz.eus","description":"Ihesa Zilegi Balitz","potentialAction":[{"@type":"SearchAction","target":{"@type":"EntryPoint","urlTemplate":"https:\/\/www.ihesazilegibalitz.eus\/es\/?s={search_term_string}"},"query-input":{"@type":"PropertyValueSpecification","valueRequired":true,"valueName":"search_term_string"}}],"inLanguage":"es"}]}},"_links":{"self":[{"href":"https:\/\/www.ihesazilegibalitz.eus\/es\/wp-json\/wp\/v2\/pages\/71","targetHints":{"allow":["GET"]}}],"collection":[{"href":"https:\/\/www.ihesazilegibalitz.eus\/es\/wp-json\/wp\/v2\/pages"}],"about":[{"href":"https:\/\/www.ihesazilegibalitz.eus\/es\/wp-json\/wp\/v2\/types\/page"}],"author":[{"embeddable":true,"href":"https:\/\/www.ihesazilegibalitz.eus\/es\/wp-json\/wp\/v2\/users\/1"}],"replies":[{"embeddable":true,"href":"https:\/\/www.ihesazilegibalitz.eus\/es\/wp-json\/wp\/v2\/comments?post=71"}],"version-history":[{"count":36,"href":"https:\/\/www.ihesazilegibalitz.eus\/es\/wp-json\/wp\/v2\/pages\/71\/revisions"}],"predecessor-version":[{"id":874,"href":"https:\/\/www.ihesazilegibalitz.eus\/es\/wp-json\/wp\/v2\/pages\/71\/revisions\/874"}],"wp:featuredmedia":[{"embeddable":true,"href":"https:\/\/www.ihesazilegibalitz.eus\/es\/wp-json\/wp\/v2\/media\/146"}],"wp:attachment":[{"href":"https:\/\/www.ihesazilegibalitz.eus\/es\/wp-json\/wp\/v2\/media?parent=71"}],"curies":[{"name":"wp","href":"https:\/\/api.w.org\/{rel}","templated":true}]}}